{"id":105,"date":"2011-07-14T12:33:19","date_gmt":"2011-07-14T11:33:19","guid":{"rendered":"http:\/\/www.gastronomdelikatesy.cz\/?page_id=105"},"modified":"2024-08-05T23:39:42","modified_gmt":"2024-08-05T22:39:42","slug":"%d0%ba%d0%be%d0%bd%d1%82%d0%b0%d0%ba%d1%82%d1%8b","status":"publish","type":"page","link":"https:\/\/www.gastronomdelikatesy.cz\/?page_id=105","title":{"rendered":"\u041a\u043e\u043d\u0442\u0430\u043a\u0442\u044b"},"content":{"rendered":"<div>\n<p style=\"text-align: center;\">\n<p style=\"text-align: center;\"><span style=\"color: #ffffff;\">&#8230;<\/span><\/p>\n<\/div>\n<div style=\"text-align: center;\">\n<h1><strong><a href=\"https:\/\/www.delikatesyeshop.cz\/sk\/produkty\/?order=price\">WWW.DELIKATESYESHOP.CZ<\/a><\/strong><\/h1>\n<\/div>\n<div style=\"text-align: center;\">\n<p><span style=\"color: #ffffff;\">&#8230;.<\/span><\/p>\n<p style=\"text-align: center;\"><strong><strong><strong>Te\u043b\u0435\u0444\u043e\u043d: 776 660 660 , 775 972 907<\/strong><\/strong><\/strong><\/p>\n<p style=\"text-align: center;\"><b>info@delikatesyeshop.cz<\/b><\/p>\n<p style=\"text-align: center;\"><strong>Gastronom Delikatesy s.r.o.<\/strong><\/p>\n<p style=\"text-align: center;\"><strong>Identifika\u010dn\u00ed \u010d\u00edslo: 27949524<\/strong><\/p>\n<p style=\"text-align: center;\"><strong>Da\u0148ov\u00e9 identifika\u010dn\u00ed \u010d\u00edslo: CZ27949524<\/strong><\/p>\n<\/div>\n<div style=\"text-align: center;\">\n<p style=\"text-align: center;\">\n<\/div>\n<p style=\"text-align: center;\">\n<div><\/div>\n<p style=\"text-align: center;\">\n","protected":false},"excerpt":{"rendered":"<p>&#8230; WWW.DELIKATESYESHOP.CZ &#8230;. Te\u043b\u0435\u0444\u043e\u043d: 776 660 660 , 775 972 907 info@delikatesyeshop.cz Gastronom Delikatesy s.r.o. Identifika\u010dn\u00ed \u010d\u00edslo: 27949524 Da\u0148ov\u00e9 identifika\u010dn\u00ed \u010d\u00edslo: CZ27949524<\/p>\n","protected":false},"author":2,"featured_media":0,"parent":0,"menu_order":0,"comment_status":"closed","ping_status":"closed","template":"","meta":{"footnotes":""},"class_list":["post-105","page","type-page","status-publish","hentry"],"_links":{"self":[{"href":"https:\/\/www.gastronomdelikatesy.cz\/index.php?rest_route=\/wp\/v2\/pages\/105"}],"collection":[{"href":"https:\/\/www.gastronomdelikatesy.cz\/index.php?rest_route=\/wp\/v2\/pages"}],"about":[{"href":"https:\/\/www.gastronomdelikatesy.cz\/index.php?rest_route=\/wp\/v2\/types\/page"}],"author":[{"embeddable":true,"href":"https:\/\/www.gastronomdelikatesy.cz\/index.php?rest_route=\/wp\/v2\/users\/2"}],"replies":[{"embeddable":true,"href":"https:\/\/www.gastronomdelikatesy.cz\/index.php?rest_route=%2Fwp%2Fv2%2Fcomments&post=105"}],"version-history":[{"count":98,"href":"https:\/\/www.gastronomdelikatesy.cz\/index.php?rest_route=\/wp\/v2\/pages\/105\/revisions"}],"predecessor-version":[{"id":1315,"href":"https:\/\/www.gastronomdelikatesy.cz\/index.php?rest_route=\/wp\/v2\/pages\/105\/revisions\/1315"}],"wp:attachment":[{"href":"https:\/\/www.gastronomdelikatesy.cz\/index.php?rest_route=%2Fwp%2Fv2%2Fmedia&parent=105"}],"curies":[{"name":"wp","href":"https:\/\/api.w.org\/{rel}","templated":true}]}}